{"id":26,"date":"2019-07-05T15:31:11","date_gmt":"2019-07-05T13:31:11","guid":{"rendered":"http:\/\/eloise-chaussin.com\/?page_id=26"},"modified":"2026-02-27T06:41:41","modified_gmt":"2026-02-27T05:41:41","slug":"communication-animale-et-soins","status":"publish","type":"page","link":"https:\/\/eloise-chaussin.com\/?page_id=26","title":{"rendered":"Communication animale"},"content":{"rendered":"\n<p>POUR VOTRE ANIMAL:<\/p>\n\n\n\n<p><strong>&gt;Vous aimez  les animaux<\/strong><br><strong>&gt;Vous avez un chien, un chat, un cheval, un lapin<\/strong><br><strong>&gt;Probl\u00e8me de comportement chez l\u2019animal<\/strong><br><strong>&gt;Animal adopt\u00e9 pour lib\u00e9rer ses peurs li\u00e9es au pass\u00e9<\/strong><br><strong>&gt;l\u2019animal a v\u00e9cu un traumatisme<\/strong><br><strong>&gt;l\u2019animal va d\u00e9m\u00e9nager, ou \u00eatre vendu (pr\u00e9venir ce dernier et le rassurer)<\/strong><\/p>\n\n\n\n<p> Consultation \u00e0 distance pour les animaux domestiques, chats, chiens, chevaux, lapins.  <\/p>\n\n\n\n<p>Je me d\u00e9place dans le 44\/ 85 et 17, si vous avez plusieurs animaux, je peux \u00e9tablir un devis par t\u00e9l\u00e9phone 0603103375.<\/p>\n\n\n\n<p>Je me connecte \u00e0 la <strong>conscience de l\u2019animal, <\/strong>c\u2019est-\u00e0-dire \u00e0 ses besoins dans cette incarnation ici et maintenant sur cette terre avec vous.  <\/p>\n\n\n\n<p>\nIl\nme transmet des informations par ses cinq sens, l\u2019ou\u00efe, la vue,\nl\u2019odorat, le gustatif et kinesth\u00e9sique et je vous les partage. \n<\/p>\n\n\n\n<p>\nSouvent\nl\u2019animal peut ressentir vos \u00e9motions, c\u2019est pour cela que je\nvous accompagne \u00e9nerg\u00e9tiquement lorsque je vous remets les\ninformations oralement. \n<\/p>\n\n\n\n<p><strong>Un processus de gu\u00e9rison mutuel<\/strong> (animal et vous) se met en place suite \u00e0 cette communication et soin.<\/p>\n\n\n\n<p>Il y a <strong>des<\/strong> <strong>belles lib\u00e9rations<\/strong> qui se passent dans le temps, des peurs, des angoisses, des douleurs qui se transforment en amour.<\/p>\n\n\n\n<h3 class=\"wp-block-heading\">\nConsultation<\/h3>\n\n\n\n<h4 class=\"wp-block-heading\">Communication et soin sur un mois<\/h4>\n\n\n\n<p> -M\u2019envoyer un email avec photo, nom de l\u2019animal, num\u00e9ro de t\u00e9l\u00e9phone, disponibilit\u00e9 pour retour t\u00e9l\u00e9phonique.<\/p>\n\n\n\n<p> E-mail: eloeyes@gmail.com\/ tel:0603103375<br> -Retour par t\u00e9l\u00e9phone pr\u00e9voir 30min \u00e0 45 min<br> -Prix 80\u20ac<\/p>\n\n\n\n<p><\/p>\n\n\n\n<figure class=\"wp-block-image size-large is-resized is-style-rounded\"><img loading=\"lazy\" decoding=\"async\" width=\"1024\" height=\"683\" src=\"http:\/\/eloise-chaussin.com\/wp-content\/uploads\/2021\/10\/DSC_0630-1024x683.jpg\" alt=\"\" class=\"wp-image-803\" style=\"width:685px;height:457px\" srcset=\"https:\/\/eloise-chaussin.com\/wp-content\/uploads\/2021\/10\/DSC_0630-1024x683.jpg 1024w, https:\/\/eloise-chaussin.com\/wp-content\/uploads\/2021\/10\/DSC_0630-300x200.jpg 300w, https:\/\/eloise-chaussin.com\/wp-content\/uploads\/2021\/10\/DSC_0630-768x512.jpg 768w, https:\/\/eloise-chaussin.com\/wp-content\/uploads\/2021\/10\/DSC_0630.jpg 1150w\" sizes=\"auto, (max-width: 767px) 89vw, (max-width: 1000px) 54vw, (max-width: 1071px) 543px, 580px\" \/><\/figure>\n\n\n\n<p class=\"has-small-font-size\"><em>Ce soin est en compl\u00e9ment, suite au travail du v\u00e9t\u00e9rinaire qui donne un diagnostic et il est important de suivre ses conseils.<\/em> <\/p>\n\n\n\n<p><\/p>\n\n\n\n<p>Retour d&rsquo;une communication animale avec un chat Doudou: <\/p>\n\n\n\n<p>Doudou lui a transmis ces informations l\u00e0 : &#8211; ce sont 2 chats m\u00e2les qui l&rsquo;ont attaqu\u00e9 : un roux et un beige cr\u00e8me car Doudou d\u00e9fendait une minette noir et blanche car les 2 voulaient l&rsquo;approcher.<\/p>\n\n\n\n<blockquote class=\"wp-block-quote is-layout-flow wp-block-quote-is-layout-flow\">\n<p>&gt; Effectivement ce sont les 2 chats du voisin et la minette noire et blanche c&rsquo;est la n\u00f4tre c&rsquo;est la maman de Doudou \ud83d\ude0a<\/p>\n<\/blockquote>\n\n\n\n<p>&#8211; il a montr\u00e9 un endroit de foin humide et sec et des briques ou une couleur ocre o\u00f9 il va se reposer, un champ en face de chez nous avec plein de fleur jaunes &gt;&gt; c&rsquo;est bien vrai ! Il va \u00e0 la ferme de mes beaux parents devant chez nous gambader et on a un champ de fleurs jaunes devant la maison &#8211; Il surveille toutes nos all\u00e9es et venues en voiture m\u00eame quand on le voit pas il est l\u00e0 suffit de se connecter \u00e0 lui et il arrive il adore \u00e7a ! &gt;&gt; Effectivement souvent je me dis il est pas l\u00e0 mais je suis s\u00fbre qu&rsquo;il nous voir et parfois je pense \u00e0 lui et 10 min apr\u00e8s il arrive &#8211; il est tr\u00e8s observateur, il d\u00e9couvre la vie. Il montre un monsieur ayant mal au genou pour marcher et un monsieur qui lui fait peur en soufflant &gt;&gt; c&rsquo;est dingue ! Le vieux monsieur c&rsquo;est le grand m\u00e9re de mon ami et le monsieur qui souffle son p\u00e8re qui n&rsquo;aime pas les chats ils habitent dans le village \u00e0 50m de chez nous <img loading=\"lazy\" decoding=\"async\" height=\"16\" width=\"16\" alt=\"\ud83d\ude04\" src=\"https:\/\/static.xx.fbcdn.net\/images\/emoji.php\/v9\/t2b\/1.5\/16\/1f604.png\"><\/p>\n\n\n\n<p><\/p>\n\n\n\n<p><strong>Qu\u2019 est-ce que la communication animale&nbsp;?<\/strong><\/p>\n\n\n\n<p>La communication animale est une pratique tr\u00e8s simple ou l\u2019on re\u00e7oit des informations de la part des animaux domestiques. Ces informations sont re\u00e7ues par les 5 sens, la vue, l\u2019auditif, le kinesth\u00e9sique, l\u2019olfactif et le gout.<\/p>\n\n\n\n<p>Ainsi per la suite un soin peut \u00eatre transmis \u00e0 l\u2019animal suite \u00e0 la compr\u00e9hension des informations re\u00e7ues. Votre animal est li\u00e9 \u00e0 vous et me transmet aussi des informations sur vos \u00e9motions. Un chat, un chien, un cheval a \u00e9norm\u00e9ment de compassion et d\u2019empathie envers son gardien. La communication animale est aussi l\u00e0 pour envoyer les bonnes informations aux animaux avec leur \u00ab&nbsp;langue&nbsp;\u00bb.<\/p>\n\n\n\n<p><strong>Pourquoi faire appel \u00e0 la communication animale&nbsp;?<\/strong><\/p>\n\n\n\n<p>Pour mieux comprendre les besoins de votre animal<\/p>\n\n\n\n<p>Pour mieux comprendre votre lien avec votre animal<\/p>\n\n\n\n<p>Pour lib\u00e9rer la conscience de l\u2019animal<\/p>\n\n\n\n<p>Pour permettre \u00e0 l\u2019animal de s\u2019exprimer<\/p>\n\n\n\n<p>Pour aider l\u2019animal si a des peurs<\/p>\n\n\n\n<p>Pour aider l\u2019animal \u00e0 se sentir mieux<\/p>\n\n\n\n<p>Pour am\u00e9liorer le quotidien<\/p>\n\n\n\n<p>Pour accompagner en soins v\u00e9t\u00e9rinaire en parall\u00e8le<\/p>\n\n\n\n<p>Pour lui transmette des informations<\/p>\n\n\n\n<p><strong>Comment mettre cela en place et comment je vous accompagne&nbsp;?<\/strong><\/p>\n\n\n\n<p>Vous me t\u00e9l\u00e9phonez. Vous m\u2019envoyez par email photo et nom de votre animal.<\/p>\n\n\n\n<p>Je vous appelle et vous transmet les informations re\u00e7ues. Dans le mois, nous pouvons nous recontacter pour voir l\u2019\u00e9volution suite au soin envoy\u00e9.<\/p>\n\n\n\n<p>Depuis l\u2019enfance, je communique avec les animaux. Pour moi c\u2019est naturel et je pensais que tout le monde le faisait. Les animaux, nous apporte un amour inconditionnel et une simplicit\u00e9 d\u2019\u00eatre. Observons-les et prenons exemple sur leur enseignement de tous les jours.<\/p>\n\n\n\n<figure class=\"wp-block-image size-large\"><img loading=\"lazy\" decoding=\"async\" width=\"1024\" height=\"577\" src=\"http:\/\/eloise-chaussin.com\/wp-content\/uploads\/2021\/08\/ANIMAUX-1024x577.png\" alt=\"\" class=\"wp-image-772\" srcset=\"https:\/\/eloise-chaussin.com\/wp-content\/uploads\/2021\/08\/ANIMAUX-1024x577.png 1024w, https:\/\/eloise-chaussin.com\/wp-content\/uploads\/2021\/08\/ANIMAUX-300x169.png 300w, https:\/\/eloise-chaussin.com\/wp-content\/uploads\/2021\/08\/ANIMAUX-768x433.png 768w, https:\/\/eloise-chaussin.com\/wp-content\/uploads\/2021\/08\/ANIMAUX-1536x865.png 1536w, https:\/\/eloise-chaussin.com\/wp-content\/uploads\/2021\/08\/ANIMAUX.png 1640w\" sizes=\"auto, (max-width: 767px) 89vw, (max-width: 1000px) 54vw, (max-width: 1071px) 543px, 580px\" \/><\/figure>\n\n\n\n<p><\/p>\n\n\n\n<p>Il est important de consulter un v\u00e9t\u00e9rinaire et de suivre le traitement pres<strong>cr<\/strong>it. <\/p>\n\n\n\n<p><\/p>\n","protected":false},"excerpt":{"rendered":"<p>POUR VOTRE ANIMAL: &gt;Vous aimez les animaux&gt;Vous avez un chien, un chat, un cheval, un lapin&gt;Probl\u00e8me de comportement chez l\u2019animal&gt;Animal adopt\u00e9 pour lib\u00e9rer ses peurs li\u00e9es au pass\u00e9&gt;l\u2019animal a v\u00e9cu un traumatisme&gt;l\u2019animal va d\u00e9m\u00e9nager, ou \u00eatre vendu (pr\u00e9venir ce dernier et le rassurer) Consultation \u00e0 distance pour les animaux domestiques, chats, chiens, chevaux, lapins. Je &hellip; <\/p>\n<p class=\"link-more\"><a href=\"https:\/\/eloise-chaussin.com\/?page_id=26\" class=\"more-link\">Continuer la lecture<span class=\"screen-reader-text\"> de &laquo;&nbsp;Communication animale&nbsp;&raquo;<\/span><\/a><\/p>\n","protected":false},"author":1,"featured_media":0,"parent":0,"menu_order":0,"comment_status":"closed","ping_status":"closed","template":"","meta":{"footnotes":""},"class_list":["post-26","page","type-page","status-publish","hentry"],"_links":{"self":[{"href":"https:\/\/eloise-chaussin.com\/index.php?rest_route=\/wp\/v2\/pages\/26","targetHints":{"allow":["GET"]}}],"collection":[{"href":"https:\/\/eloise-chaussin.com\/index.php?rest_route=\/wp\/v2\/pages"}],"about":[{"href":"https:\/\/eloise-chaussin.com\/index.php?rest_route=\/wp\/v2\/types\/page"}],"author":[{"embeddable":true,"href":"https:\/\/eloise-chaussin.com\/index.php?rest_route=\/wp\/v2\/users\/1"}],"replies":[{"embeddable":true,"href":"https:\/\/eloise-chaussin.com\/index.php?rest_route=%2Fwp%2Fv2%2Fcomments&post=26"}],"version-history":[{"count":28,"href":"https:\/\/eloise-chaussin.com\/index.php?rest_route=\/wp\/v2\/pages\/26\/revisions"}],"predecessor-version":[{"id":1025,"href":"https:\/\/eloise-chaussin.com\/index.php?rest_route=\/wp\/v2\/pages\/26\/revisions\/1025"}],"wp:attachment":[{"href":"https:\/\/eloise-chaussin.com\/index.php?rest_route=%2Fwp%2Fv2%2Fmedia&parent=26"}],"curies":[{"name":"wp","href":"https:\/\/api.w.org\/{rel}","templated":true}]}}