{"id":347,"date":"2020-05-04T23:12:21","date_gmt":"2020-05-04T21:12:21","guid":{"rendered":"http:\/\/eloise-chaussin.com\/?page_id=347"},"modified":"2020-05-04T23:12:21","modified_gmt":"2020-05-04T21:12:21","slug":"mantras-pour-la-sadhana","status":"publish","type":"page","link":"https:\/\/eloise-chaussin.com\/?page_id=347","title":{"rendered":"Mantras pour la sadhana"},"content":{"rendered":"\n<ul class=\"wp-block-list\"><li>pratique, cheminement spirituel<\/li><li>ex\u00e9cution, r\u00e9alisation, accomplissement; acquisition, obtention.<\/li><\/ul>\n\n\n\n<p>La s\u0101dhan\u0101 induit la notion d&rsquo;effort pour atteindre un objectif. La m\u00e9ditation et des rituels quotidiens peuvent faire partie de la sadhana<\/p>\n\n\n\n<p>Le S\u0101dhanap\u0101da, est le second chapitre des\u00a0<a href=\"https:\/\/fr.wikipedia.org\/wiki\/Yoga-S%C3%BBtra#S%C4%81dhana_p%C4%81da,_chapitre_de_la_pratique_(spirituelle)\">Yoga S\u016btra<\/a>\u00a0de\u00a0<a href=\"https:\/\/fr.wikipedia.org\/wiki\/Pata%C3%B1jali\">Pata\u00f1jali<\/a>\u00a0traitant de la Voie de la r\u00e9alisation.<\/p>\n\n\n\n<p><strong>Mantras de Sadhana pour le kundalini yoga<\/strong><\/p>\n\n\n\n<p>EK Ong Kaar Sat Naam Siri Wha-Hay Guroo (7min)<\/p>\n\n\n\n<p>Wah Yanti (7min)<br> Kar Yanti<br> Jug Dut Pati<br> Aadak It Waaha<br> Brahma Deh<br> Treshaa Guru<br> It Wahe Guru<\/p>\n\n\n\n<p><br> Ek Ong Kaar (7min)<br> Sat Naam <br> Kartaa Purkh <br> Nirbhau <br> Nirvair <br> Akaal Murt <br> Ajuni <br> Saibhang <br> Gurprasaad <br> Jap <br> Aad Sach <br> Jugaad Sach <br> Haibi Sach <br> Naanak Hosi Bhi Sach <\/p>\n\n\n\n<p>Sat Siri  (7min)<br> Siri Akal <br> Siri Akal <br> Maha Akal <br> Maha Akal <br> Sat Naam <br> Akal Murt <br> Wahe Guru<br><br><\/p>\n\n\n\n<p>Rakhe Rakhanhaar Aap Ubaarian (7min)<br> Gur Ki Pairi Paae Kaaj Savaarian<br> Hoa Aap Dyal Manho Na Visaarian<br> Saadh Janaa Kai Sang Bhavjal Taarian<br> Saakat Nindak Dust Khin Maahe Bidaarian<br> Tis Sahib Kee Tayk Naanak Manai Mahe<br> Jis Simrat Sukh Hoe Sagle Dookh Jaahe<br> Jis Simrat Sukh Hoe Sagle Dookh Jaahe<\/p>\n\n\n\n<p><br> <strong>WAHE GURU (22 minutes)<\/strong><br> Wahe Guru Wahe Guru<br> Wahe Guru Wahe Jio<br> <br> <strong>GURU RAM DAS (5 minutes)<\/strong><br> Guru Guru Wahe Guru<br> Guru Ram Das Guru<\/p>\n","protected":false},"excerpt":{"rendered":"<p>pratique, cheminement spirituel ex\u00e9cution, r\u00e9alisation, accomplissement; acquisition, obtention. La s\u0101dhan\u0101 induit la notion d&rsquo;effort pour atteindre un objectif. La m\u00e9ditation et des rituels quotidiens peuvent faire partie de la sadhana Le S\u0101dhanap\u0101da, est le second chapitre des\u00a0Yoga S\u016btra\u00a0de\u00a0Pata\u00f1jali\u00a0traitant de la Voie de la r\u00e9alisation. Mantras de Sadhana pour le kundalini yoga EK Ong Kaar Sat &hellip; <\/p>\n<p class=\"link-more\"><a href=\"https:\/\/eloise-chaussin.com\/?page_id=347\" class=\"more-link\">Continuer la lecture<span class=\"screen-reader-text\"> de &laquo;&nbsp;Mantras pour la sadhana&nbsp;&raquo;<\/span><\/a><\/p>\n","protected":false},"author":1,"featured_media":0,"parent":0,"menu_order":0,"comment_status":"closed","ping_status":"closed","template":"","meta":{"footnotes":""},"class_list":["post-347","page","type-page","status-publish","hentry"],"_links":{"self":[{"href":"https:\/\/eloise-chaussin.com\/index.php?rest_route=\/wp\/v2\/pages\/347","targetHints":{"allow":["GET"]}}],"collection":[{"href":"https:\/\/eloise-chaussin.com\/index.php?rest_route=\/wp\/v2\/pages"}],"about":[{"href":"https:\/\/eloise-chaussin.com\/index.php?rest_route=\/wp\/v2\/types\/page"}],"author":[{"embeddable":true,"href":"https:\/\/eloise-chaussin.com\/index.php?rest_route=\/wp\/v2\/users\/1"}],"replies":[{"embeddable":true,"href":"https:\/\/eloise-chaussin.com\/index.php?rest_route=%2Fwp%2Fv2%2Fcomments&post=347"}],"version-history":[{"count":1,"href":"https:\/\/eloise-chaussin.com\/index.php?rest_route=\/wp\/v2\/pages\/347\/revisions"}],"predecessor-version":[{"id":348,"href":"https:\/\/eloise-chaussin.com\/index.php?rest_route=\/wp\/v2\/pages\/347\/revisions\/348"}],"wp:attachment":[{"href":"https:\/\/eloise-chaussin.com\/index.php?rest_route=%2Fwp%2Fv2%2Fmedia&parent=347"}],"curies":[{"name":"wp","href":"https:\/\/api.w.org\/{rel}","templated":true}]}}