{"id":408,"date":"2020-07-03T14:03:58","date_gmt":"2020-07-03T12:03:58","guid":{"rendered":"http:\/\/eloise-chaussin.com\/?page_id=408"},"modified":"2026-04-01T17:53:36","modified_gmt":"2026-04-01T15:53:36","slug":"prestations-et-tarifs","status":"publish","type":"page","link":"https:\/\/eloise-chaussin.com\/?page_id=408","title":{"rendered":"PRESTATIONS ET STAGE"},"content":{"rendered":"\n<figure class=\"wp-block-image size-large\"><img loading=\"lazy\" decoding=\"async\" width=\"724\" height=\"1024\" src=\"https:\/\/eloise-chaussin.com\/wp-content\/uploads\/2026\/04\/Bleu-Nuages-Photocentrique-Conference-Eglise-Affiche-724x1024.jpg\" alt=\"\" class=\"wp-image-1029\" srcset=\"https:\/\/eloise-chaussin.com\/wp-content\/uploads\/2026\/04\/Bleu-Nuages-Photocentrique-Conference-Eglise-Affiche-724x1024.jpg 724w, https:\/\/eloise-chaussin.com\/wp-content\/uploads\/2026\/04\/Bleu-Nuages-Photocentrique-Conference-Eglise-Affiche-212x300.jpg 212w, https:\/\/eloise-chaussin.com\/wp-content\/uploads\/2026\/04\/Bleu-Nuages-Photocentrique-Conference-Eglise-Affiche-768x1086.jpg 768w, https:\/\/eloise-chaussin.com\/wp-content\/uploads\/2026\/04\/Bleu-Nuages-Photocentrique-Conference-Eglise-Affiche-1086x1536.jpg 1086w, https:\/\/eloise-chaussin.com\/wp-content\/uploads\/2026\/04\/Bleu-Nuages-Photocentrique-Conference-Eglise-Affiche-1448x2048.jpg 1448w, https:\/\/eloise-chaussin.com\/wp-content\/uploads\/2026\/04\/Bleu-Nuages-Photocentrique-Conference-Eglise-Affiche-1320x1867.jpg 1320w, https:\/\/eloise-chaussin.com\/wp-content\/uploads\/2026\/04\/Bleu-Nuages-Photocentrique-Conference-Eglise-Affiche.jpg 1587w\" sizes=\"auto, (max-width: 724px) 100vw, 724px\" \/><\/figure>\n\n\n\n<p>Prix 350 \u20ac , r\u00e9servation avant le 10 avril 2026, 300\u20ac . R\u00e9servez par un appel, sms, what s app ou email. J&rsquo;aime \u00e9changer avec vous oralement avant le stage. <\/p>\n\n\n\n<figure class=\"wp-block-image size-large\"><img loading=\"lazy\" decoding=\"async\" width=\"724\" height=\"1024\" src=\"https:\/\/eloise-chaussin.com\/wp-content\/uploads\/2026\/02\/cheval-feu-1-724x1024.png\" alt=\"\" class=\"wp-image-1019\" style=\"aspect-ratio:0.706915765322845\" srcset=\"https:\/\/eloise-chaussin.com\/wp-content\/uploads\/2026\/02\/cheval-feu-1-724x1024.png 724w, https:\/\/eloise-chaussin.com\/wp-content\/uploads\/2026\/02\/cheval-feu-1-212x300.png 212w, https:\/\/eloise-chaussin.com\/wp-content\/uploads\/2026\/02\/cheval-feu-1-768x1086.png 768w, https:\/\/eloise-chaussin.com\/wp-content\/uploads\/2026\/02\/cheval-feu-1-1086x1536.png 1086w, https:\/\/eloise-chaussin.com\/wp-content\/uploads\/2026\/02\/cheval-feu-1-1448x2048.png 1448w, https:\/\/eloise-chaussin.com\/wp-content\/uploads\/2026\/02\/cheval-feu-1-1320x1867.png 1320w, https:\/\/eloise-chaussin.com\/wp-content\/uploads\/2026\/02\/cheval-feu-1.png 1587w\" sizes=\"auto, (max-width: 724px) 100vw, 724px\" \/><\/figure>\n\n\n\n<p><strong>Hypnose magn\u00e9tique<\/strong><\/p>\n\n\n\n<p>C\u2019est une alliance d\u2019hypnose et de magn\u00e9tisme, cela est b\u00e9n\u00e9fique pour les enfants et adultes. Vous avez une probl\u00e9matique,  \u00e9motions, stress, phobie. Nous posons un objectif et allons vers la r\u00e9alisation de ce dernier en quelques s\u00e9ances. Une s\u00e9ance une fois par mois. <\/p>\n\n\n\n<p>Prix adulte&nbsp;: 80\u20ac 1H<\/p>\n\n\n\n<p><\/p>\n\n\n\n<figure class=\"wp-block-image size-large\"><img loading=\"lazy\" decoding=\"async\" width=\"1024\" height=\"683\" src=\"http:\/\/eloise-chaussin.com\/wp-content\/uploads\/2026\/02\/Foto-146-1024x683.jpg\" alt=\"\" class=\"wp-image-1022\" srcset=\"https:\/\/eloise-chaussin.com\/wp-content\/uploads\/2026\/02\/Foto-146-1024x683.jpg 1024w, https:\/\/eloise-chaussin.com\/wp-content\/uploads\/2026\/02\/Foto-146-300x200.jpg 300w, https:\/\/eloise-chaussin.com\/wp-content\/uploads\/2026\/02\/Foto-146-768x512.jpg 768w, https:\/\/eloise-chaussin.com\/wp-content\/uploads\/2026\/02\/Foto-146-1536x1024.jpg 1536w, https:\/\/eloise-chaussin.com\/wp-content\/uploads\/2026\/02\/Foto-146-2048x1365.jpg 2048w, https:\/\/eloise-chaussin.com\/wp-content\/uploads\/2026\/02\/Foto-146-1320x880.jpg 1320w\" sizes=\"auto, (max-width: 767px) 89vw, (max-width: 1000px) 54vw, (max-width: 1071px) 543px, 580px\" \/><\/figure>\n\n\n\n<p><\/p>\n\n\n\n<p><strong><em>Communication animale <\/em><\/strong><\/p>\n\n\n\n<p>Pour cela j\u2019ai besoin d\u2019une photo et du nom de votre animal. Vous me l\u2019envolez par email&nbsp;: <a href=\"mailto:eloeyes@gmail.com\">eloeyes@gmail.com<\/a> ou par mms tel&nbsp;: 0603103375<\/p>\n\n\n\n<p>Je vous appelle et vous transmet oralement les informations re\u00e7ues qui vont lib\u00e9rer votre animal tel un humain qui va chez un psychologue. Dans le mois, je lui envoie des soins pour la probl\u00e9matique. Je travaille pour lib\u00e9rer des blocages en coop\u00e9ration avec les soins v\u00e9t\u00e9rinaires. <\/p>\n\n\n\n<p>Prix: 80\u20ac<\/p>\n\n\n\n<p><strong><em>Voyage\nsonore&nbsp;:<\/em><\/strong><\/p>\n\n\n\n<p>Le son\npermet d\u2019envoyer des vibrations dans les cellules du corps. Mon mari et moi\nproposons des voyages sonores, bain de gong, tambours chamaniques. Un moment\npour vous relaxer. Il y a une pr\u00e9paration par une m\u00e9ditation, un pranayama pour\nrecevoir dans un \u00e9tat de calme les vibrations envoy\u00e9es.  <\/p>\n\n\n\n<ul class=\"wp-block-list\">\n<li>Je cr\u00e9e un \u00e9v\u00e8nement <strong>facebook<\/strong>\npour ce que je propose, <strong>retrouvez-moi sur elo\u00efse chaussin healing energy\nalpha<\/strong><\/li>\n<\/ul>\n\n\n\n<ul class=\"wp-block-list\">\n<li>Pour toutes ces prestations, si vous \u00eates int\u00e9ress\u00e9s, vous pouvez m\u2019appeler pour travailler en collaboration avec vous. Je suis ouverte \u00e0 vos propositions. Je donne des formations en communication animale et en soins multi dimensionnel. Je peux proposer un programme sur mesure en France et dans le monde.&nbsp; Possibilit\u00e9 aussi de faire tout cela en anglais. <\/li>\n\n\n\n<li>Paiement par ch\u00e8que, virement bancaire, Paypal <\/li>\n<\/ul>\n\n\n\n<p>Email&nbsp;: <a href=\"mailto:eloeyes@gmail.com\">eloeyes@gmail.com<\/a>, tel&nbsp;: 0603103375<\/p>\n\n\n\n<p><strong>DRAGONG VISITEZ LE SITE POUR TROUVEZ VOS INSTRUMENTS<\/strong><\/p>\n\n\n\n<p>Tambours chamaniques, gong, handpan, didjeridoo&#8230;.<\/p>\n\n\n\n<figure class=\"wp-block-image size-large is-style-rounded\"><img loading=\"lazy\" decoding=\"async\" width=\"1020\" height=\"1024\" src=\"http:\/\/eloise-chaussin.com\/wp-content\/uploads\/2021\/09\/dragong-1020x1024.jpg\" alt=\"\" class=\"wp-image-791\" srcset=\"https:\/\/eloise-chaussin.com\/wp-content\/uploads\/2021\/09\/dragong-1020x1024.jpg 1020w, https:\/\/eloise-chaussin.com\/wp-content\/uploads\/2021\/09\/dragong-300x300.jpg 300w, https:\/\/eloise-chaussin.com\/wp-content\/uploads\/2021\/09\/dragong-150x150.jpg 150w, https:\/\/eloise-chaussin.com\/wp-content\/uploads\/2021\/09\/dragong-768x771.jpg 768w, https:\/\/eloise-chaussin.com\/wp-content\/uploads\/2021\/09\/dragong-100x100.jpg 100w, https:\/\/eloise-chaussin.com\/wp-content\/uploads\/2021\/09\/dragong.jpg 1080w\" sizes=\"auto, (max-width: 767px) 89vw, (max-width: 1000px) 54vw, (max-width: 1071px) 543px, 580px\" \/><\/figure>\n\n\n\n<blockquote class=\"wp-embedded-content\" data-secret=\"BB7GdI4Tug\"><a href=\"https:\/\/energy-vibration.com\/\">Home<\/a><\/blockquote><iframe loading=\"lazy\" class=\"wp-embedded-content\" sandbox=\"allow-scripts\" security=\"restricted\" style=\"position: absolute; visibility: hidden;\" title=\"\u00ab\u00a0Home\u00a0\u00bb &#8212; Energy vibration\" src=\"https:\/\/energy-vibration.com\/embed\/#?secret=h9qXnTVPVe#?secret=BB7GdI4Tug\" data-secret=\"BB7GdI4Tug\" width=\"525\" height=\"296\" frameborder=\"0\" marginwidth=\"0\" marginheight=\"0\" scrolling=\"no\"><\/iframe>\n\n\n\n[contact-form-7 id=\u00a0\u00bb498&Prime; title=\u00a0\u00bbContact form 1&Prime;]\n\n\n\n<p><\/p>\n","protected":false},"excerpt":{"rendered":"<p>Prix 350 \u20ac , r\u00e9servation avant le 10 avril 2026, 300\u20ac . R\u00e9servez par un appel, sms, what s app ou email. J&rsquo;aime \u00e9changer avec vous oralement avant le stage. Hypnose magn\u00e9tique C\u2019est une alliance d\u2019hypnose et de magn\u00e9tisme, cela est b\u00e9n\u00e9fique pour les enfants et adultes. Vous avez une probl\u00e9matique, \u00e9motions, stress, phobie. Nous &hellip; <\/p>\n<p class=\"link-more\"><a href=\"https:\/\/eloise-chaussin.com\/?page_id=408\" class=\"more-link\">Continuer la lecture<span class=\"screen-reader-text\"> de &laquo;&nbsp;PRESTATIONS ET STAGE&nbsp;&raquo;<\/span><\/a><\/p>\n","protected":false},"author":1,"featured_media":0,"parent":0,"menu_order":0,"comment_status":"closed","ping_status":"closed","template":"","meta":{"footnotes":""},"class_list":["post-408","page","type-page","status-publish","hentry"],"_links":{"self":[{"href":"https:\/\/eloise-chaussin.com\/index.php?rest_route=\/wp\/v2\/pages\/408","targetHints":{"allow":["GET"]}}],"collection":[{"href":"https:\/\/eloise-chaussin.com\/index.php?rest_route=\/wp\/v2\/pages"}],"about":[{"href":"https:\/\/eloise-chaussin.com\/index.php?rest_route=\/wp\/v2\/types\/page"}],"author":[{"embeddable":true,"href":"https:\/\/eloise-chaussin.com\/index.php?rest_route=\/wp\/v2\/users\/1"}],"replies":[{"embeddable":true,"href":"https:\/\/eloise-chaussin.com\/index.php?rest_route=%2Fwp%2Fv2%2Fcomments&post=408"}],"version-history":[{"count":40,"href":"https:\/\/eloise-chaussin.com\/index.php?rest_route=\/wp\/v2\/pages\/408\/revisions"}],"predecessor-version":[{"id":1030,"href":"https:\/\/eloise-chaussin.com\/index.php?rest_route=\/wp\/v2\/pages\/408\/revisions\/1030"}],"wp:attachment":[{"href":"https:\/\/eloise-chaussin.com\/index.php?rest_route=%2Fwp%2Fv2%2Fmedia&parent=408"}],"curies":[{"name":"wp","href":"https:\/\/api.w.org\/{rel}","templated":true}]}}