{"id":481,"date":"2020-08-27T21:09:45","date_gmt":"2020-08-27T19:09:45","guid":{"rendered":"http:\/\/eloise-chaussin.com\/?page_id=481"},"modified":"2026-04-01T17:56:23","modified_gmt":"2026-04-01T15:56:23","slug":"kundalini-yoga","status":"publish","type":"page","link":"https:\/\/eloise-chaussin.com\/?page_id=481","title":{"rendered":"kundalini yoga"},"content":{"rendered":"\n<figure class=\"wp-block-image size-full\"><img loading=\"lazy\" decoding=\"async\" width=\"851\" height=\"315\" src=\"https:\/\/eloise-chaussin.com\/wp-content\/uploads\/2026\/04\/kundalini-yoga-vendee-sud-1.jpg\" alt=\"\" class=\"wp-image-1032\" srcset=\"https:\/\/eloise-chaussin.com\/wp-content\/uploads\/2026\/04\/kundalini-yoga-vendee-sud-1.jpg 851w, https:\/\/eloise-chaussin.com\/wp-content\/uploads\/2026\/04\/kundalini-yoga-vendee-sud-1-300x111.jpg 300w, https:\/\/eloise-chaussin.com\/wp-content\/uploads\/2026\/04\/kundalini-yoga-vendee-sud-1-768x284.jpg 768w\" sizes=\"auto, (max-width: 767px) 89vw, (max-width: 1000px) 54vw, (max-width: 1071px) 543px, 580px\" \/><\/figure>\n\n\n\n<p>Enseignante dipl\u00f4m\u00e9e KRI <\/p>\n\n\n\n<p>Le Kundalini Yoga est consid\u00e9r\u00e9 par certains comme le \u00ab yoga originel \u00bb dans la mesure o\u00f9 il r\u00e9unit dans le corpus de ses techniques de nombreuses formes de yoga. C\u2019est un yoga particuli\u00e8rement puissant dans ses effets, bas\u00e9 sur une pratique corporelle (avec des postures statiques et dynamiques) et respiratoire (avec des techniques vari\u00e9es et sophistiqu\u00e9es). Ce yoga int\u00e8gre la relaxation et la m\u00e9ditation (chant\u00e9e avec mantra ou silencieuse).<\/p>\n\n\n\n<p>Ils sont vari\u00e9s : sa pratique agit sur la circulation de l\u2019\u00e9nergie vitale, appel\u00e9e&nbsp;<strong>Kundalini<\/strong>&nbsp;par les yogis, qui s\u2019en trouve activ\u00e9e pour un meilleur \u00e9quilibre physique et mental. Elle favorise les \u00e9nergies cr\u00e9atives sur le plan physique en renfor\u00e7ant le syst\u00e8me immunitaire et en stimulant les syst\u00e8mes d\u2019auto-gu\u00e9rison. Sur le plan psychologique, elle fournit des techniques pour se r\u00e9g\u00e9n\u00e9rer mentalement, chasser le stress, se recentrer et se pacifier \u00e9motionnellement. Ces buts sont atteints par un travail sp\u00e9cifique sur les aspects physiologiques et psychologiques de l\u2019\u00eatre qui agit sur la chimie du sang, le syst\u00e8me nerveux, le syst\u00e8me endocrinien et les fonctions c\u00e9r\u00e9brales. A un niveau plus avanc\u00e9, il permet \u00e0 chacun de d\u00e9velopper sa propre spiritualit\u00e9, d\u2019\u00e9largir sa conscience et de d\u00e9velopper sa sagesse int\u00e9rieure.<\/p>\n\n\n\n<p>Me contacter: eloeyes@gmail.com et tel 0603103375<\/p>\n\n\n\n<figure class=\"wp-block-image size-large\"><img loading=\"lazy\" decoding=\"async\" width=\"724\" height=\"1024\" src=\"https:\/\/eloise-chaussin.com\/wp-content\/uploads\/2026\/04\/Bleu-Nuages-Photocentrique-Conference-Eglise-Affiche-1-724x1024.jpg\" alt=\"\" class=\"wp-image-1033\" srcset=\"https:\/\/eloise-chaussin.com\/wp-content\/uploads\/2026\/04\/Bleu-Nuages-Photocentrique-Conference-Eglise-Affiche-1-724x1024.jpg 724w, https:\/\/eloise-chaussin.com\/wp-content\/uploads\/2026\/04\/Bleu-Nuages-Photocentrique-Conference-Eglise-Affiche-1-212x300.jpg 212w, https:\/\/eloise-chaussin.com\/wp-content\/uploads\/2026\/04\/Bleu-Nuages-Photocentrique-Conference-Eglise-Affiche-1-768x1086.jpg 768w, https:\/\/eloise-chaussin.com\/wp-content\/uploads\/2026\/04\/Bleu-Nuages-Photocentrique-Conference-Eglise-Affiche-1-1086x1536.jpg 1086w, https:\/\/eloise-chaussin.com\/wp-content\/uploads\/2026\/04\/Bleu-Nuages-Photocentrique-Conference-Eglise-Affiche-1-1448x2048.jpg 1448w, https:\/\/eloise-chaussin.com\/wp-content\/uploads\/2026\/04\/Bleu-Nuages-Photocentrique-Conference-Eglise-Affiche-1-1320x1867.jpg 1320w, https:\/\/eloise-chaussin.com\/wp-content\/uploads\/2026\/04\/Bleu-Nuages-Photocentrique-Conference-Eglise-Affiche-1.jpg 1587w\" sizes=\"auto, (max-width: 724px) 100vw, 724px\" \/><\/figure>\n","protected":false},"excerpt":{"rendered":"<p>Enseignante dipl\u00f4m\u00e9e KRI Le Kundalini Yoga est consid\u00e9r\u00e9 par certains comme le \u00ab yoga originel \u00bb dans la mesure o\u00f9 il r\u00e9unit dans le corpus de ses techniques de nombreuses formes de yoga. C\u2019est un yoga particuli\u00e8rement puissant dans ses effets, bas\u00e9 sur une pratique corporelle (avec des postures statiques et dynamiques) et respiratoire (avec &hellip; <\/p>\n<p class=\"link-more\"><a href=\"https:\/\/eloise-chaussin.com\/?page_id=481\" class=\"more-link\">Continuer la lecture<span class=\"screen-reader-text\"> de &laquo;&nbsp;kundalini yoga&nbsp;&raquo;<\/span><\/a><\/p>\n","protected":false},"author":1,"featured_media":0,"parent":0,"menu_order":0,"comment_status":"closed","ping_status":"closed","template":"","meta":{"footnotes":""},"class_list":["post-481","page","type-page","status-publish","hentry"],"_links":{"self":[{"href":"https:\/\/eloise-chaussin.com\/index.php?rest_route=\/wp\/v2\/pages\/481","targetHints":{"allow":["GET"]}}],"collection":[{"href":"https:\/\/eloise-chaussin.com\/index.php?rest_route=\/wp\/v2\/pages"}],"about":[{"href":"https:\/\/eloise-chaussin.com\/index.php?rest_route=\/wp\/v2\/types\/page"}],"author":[{"embeddable":true,"href":"https:\/\/eloise-chaussin.com\/index.php?rest_route=\/wp\/v2\/users\/1"}],"replies":[{"embeddable":true,"href":"https:\/\/eloise-chaussin.com\/index.php?rest_route=%2Fwp%2Fv2%2Fcomments&post=481"}],"version-history":[{"count":6,"href":"https:\/\/eloise-chaussin.com\/index.php?rest_route=\/wp\/v2\/pages\/481\/revisions"}],"predecessor-version":[{"id":1034,"href":"https:\/\/eloise-chaussin.com\/index.php?rest_route=\/wp\/v2\/pages\/481\/revisions\/1034"}],"wp:attachment":[{"href":"https:\/\/eloise-chaussin.com\/index.php?rest_route=%2Fwp%2Fv2%2Fmedia&parent=481"}],"curies":[{"name":"wp","href":"https:\/\/api.w.org\/{rel}","templated":true}]}}