{"id":992,"date":"2025-02-05T11:53:18","date_gmt":"2025-02-05T10:53:18","guid":{"rendered":"https:\/\/eloise-chaussin.com\/?page_id=992"},"modified":"2025-02-05T11:53:18","modified_gmt":"2025-02-05T10:53:18","slug":"travel-planner-energetique","status":"publish","type":"page","link":"https:\/\/eloise-chaussin.com\/?page_id=992","title":{"rendered":"Travel planner \u00e9nerg\u00e9tique"},"content":{"rendered":"\n<figure class=\"wp-block-image size-large\"><img loading=\"lazy\" decoding=\"async\" width=\"1024\" height=\"585\" src=\"https:\/\/eloise-chaussin.com\/wp-content\/uploads\/2025\/02\/carte-visite-verso-1024x585.png\" alt=\"\" class=\"wp-image-993\" srcset=\"https:\/\/eloise-chaussin.com\/wp-content\/uploads\/2025\/02\/carte-visite-verso-1024x585.png 1024w, https:\/\/eloise-chaussin.com\/wp-content\/uploads\/2025\/02\/carte-visite-verso-300x171.png 300w, https:\/\/eloise-chaussin.com\/wp-content\/uploads\/2025\/02\/carte-visite-verso-768x439.png 768w, https:\/\/eloise-chaussin.com\/wp-content\/uploads\/2025\/02\/carte-visite-verso.png 1050w\" sizes=\"auto, (max-width: 767px) 89vw, (max-width: 1000px) 54vw, (max-width: 1071px) 543px, 580px\" \/><\/figure>\n\n\n\n<p>Ma guidance m&rsquo;am\u00e8ne \u00e0 cr\u00e9er cette page. Depuis enfant, je re\u00e7ois des informations par les 5 sens, je suis guid\u00e9e et je suis une \u00e2me voyageuse. Chaque lieu a son histoire et apporte des choses, des \u00e9nergies diff\u00e9rentes. En me connectant via des photos a des lieux, je me sens appel\u00e9e \u00e0 y aller au bon moment . Le timming divin, il n&rsquo;y a que des rendez-vous!<\/p>\n\n\n\n<p>Ayant v\u00e9cu en Gr\u00e8ce, \u00e0 Bali, en France et au Vietnam . Je souhaite partager avec vous mon r\u00e9seau. <\/p>\n\n\n\n<p><strong>Bali <\/strong><\/p>\n\n\n\n<p> Ile des dieux, \u00eele hindouiste qui vit au rythme de ces c\u00e9r\u00e9monies, son calendrier balinais de 220 jours.  Il y a des \u00e9nergies tr\u00e8s puissantes. Si v\u00f4tre \u00e2me est appel\u00e9e \u00e0 faire ce voyage, vous \u00eates pr\u00eats pour changer au plus profond de vous m\u00eame. <\/p>\n\n\n\n<p><strong>Gr\u00e2ce \u00e0 mon r\u00e9seau, de pr\u00eates, gu\u00e9risseur, professeur de yoga , je vous cr\u00e9e un s\u00e9jour inoubliable immerg\u00e9 dans la culture balinaise et vous \u00eates sur que ce sont des personnes authentiques. <\/strong> Un voyage int\u00e9rieur assur\u00e9 dans le respect de chacun et des lieux, temples, cascades, plages etc<\/p>\n\n\n\n<figure class=\"wp-block-image size-large\"><img loading=\"lazy\" decoding=\"async\" width=\"1024\" height=\"768\" src=\"https:\/\/eloise-chaussin.com\/wp-content\/uploads\/2025\/02\/offrandes-1024x768.jpg\" alt=\"\" class=\"wp-image-994\" srcset=\"https:\/\/eloise-chaussin.com\/wp-content\/uploads\/2025\/02\/offrandes-1024x768.jpg 1024w, https:\/\/eloise-chaussin.com\/wp-content\/uploads\/2025\/02\/offrandes-300x225.jpg 300w, https:\/\/eloise-chaussin.com\/wp-content\/uploads\/2025\/02\/offrandes-768x576.jpg 768w, https:\/\/eloise-chaussin.com\/wp-content\/uploads\/2025\/02\/offrandes.jpg 1170w\" sizes=\"auto, (max-width: 767px) 89vw, (max-width: 1000px) 54vw, (max-width: 1071px) 543px, 580px\" \/><\/figure>\n\n\n\n<figure class=\"wp-block-image size-large\"><img loading=\"lazy\" decoding=\"async\" width=\"1024\" height=\"768\" src=\"https:\/\/eloise-chaussin.com\/wp-content\/uploads\/2025\/02\/p-1024x768.jpg\" alt=\"\" class=\"wp-image-995\" srcset=\"https:\/\/eloise-chaussin.com\/wp-content\/uploads\/2025\/02\/p-1024x768.jpg 1024w, https:\/\/eloise-chaussin.com\/wp-content\/uploads\/2025\/02\/p-300x225.jpg 300w, https:\/\/eloise-chaussin.com\/wp-content\/uploads\/2025\/02\/p-768x576.jpg 768w, https:\/\/eloise-chaussin.com\/wp-content\/uploads\/2025\/02\/p.jpg 1170w\" sizes=\"auto, (max-width: 767px) 89vw, (max-width: 1000px) 54vw, (max-width: 1071px) 543px, 580px\" \/><\/figure>\n\n\n\n<p><\/p>\n\n\n\n<p><strong>Vietnam<\/strong><\/p>\n\n\n\n<p>C&rsquo;est un pays rempli d&rsquo;histoire, en tant que fran\u00e7ais nous sommes de leur histoire, c&rsquo;est notre histoire. Je travaille avec Luan Do, un ami vietnamien qui a une agence de voyage \u00e0 Hanoi. Je peux vous conseiller au mieux selon vos besoins d&rsquo;\u00e2me et physique. C&rsquo;est un voyage incroyable et souvent peut faire sortir des vies karmiques ou des r\u00e9parations d&rsquo;\u00e2me transg\u00e9n\u00e9rationnelle. <\/p>\n\n\n\n<figure class=\"wp-block-image size-full is-resized\"><img loading=\"lazy\" decoding=\"async\" width=\"342\" height=\"256\" src=\"https:\/\/eloise-chaussin.com\/wp-content\/uploads\/2025\/02\/20240112_105111.jpg\" alt=\"\" class=\"wp-image-996\" style=\"width:674px;height:auto\" srcset=\"https:\/\/eloise-chaussin.com\/wp-content\/uploads\/2025\/02\/20240112_105111.jpg 342w, https:\/\/eloise-chaussin.com\/wp-content\/uploads\/2025\/02\/20240112_105111-300x225.jpg 300w\" sizes=\"auto, (max-width: 342px) 100vw, 342px\" \/><\/figure>\n\n\n\n<figure class=\"wp-block-image size-large\"><img loading=\"lazy\" decoding=\"async\" width=\"1024\" height=\"544\" src=\"https:\/\/eloise-chaussin.com\/wp-content\/uploads\/2025\/02\/baie-dhalong-vietnam-1024x544.jpg\" alt=\"\" class=\"wp-image-997\" srcset=\"https:\/\/eloise-chaussin.com\/wp-content\/uploads\/2025\/02\/baie-dhalong-vietnam-1024x544.jpg 1024w, https:\/\/eloise-chaussin.com\/wp-content\/uploads\/2025\/02\/baie-dhalong-vietnam-300x159.jpg 300w, https:\/\/eloise-chaussin.com\/wp-content\/uploads\/2025\/02\/baie-dhalong-vietnam-768x408.jpg 768w, https:\/\/eloise-chaussin.com\/wp-content\/uploads\/2025\/02\/baie-dhalong-vietnam.jpg 1120w\" sizes=\"auto, (max-width: 767px) 89vw, (max-width: 1000px) 54vw, (max-width: 1071px) 543px, 580px\" \/><\/figure>\n\n\n\n<p><\/p>\n\n\n\n<p><strong>Gr\u00e8ce<\/strong><\/p>\n\n\n\n<p>Ayant grandi en Cr\u00e8te, je peux vous conseiller pour votre voyage en Gr\u00e8ce et sur les \u00eeles grecques. Des sites arch\u00e9ologiques, des balades, la nature, la gentillesse des grecs vous fera grandir. L&rsquo;\u00e9tranger est toujours bienvenue. <\/p>\n\n\n\n<figure class=\"wp-block-image size-large\"><img loading=\"lazy\" decoding=\"async\" width=\"1024\" height=\"768\" src=\"https:\/\/eloise-chaussin.com\/wp-content\/uploads\/2025\/02\/IMG_20191002_093508-1024x768.jpg\" alt=\"\" class=\"wp-image-998\" srcset=\"https:\/\/eloise-chaussin.com\/wp-content\/uploads\/2025\/02\/IMG_20191002_093508-1024x768.jpg 1024w, https:\/\/eloise-chaussin.com\/wp-content\/uploads\/2025\/02\/IMG_20191002_093508-300x225.jpg 300w, https:\/\/eloise-chaussin.com\/wp-content\/uploads\/2025\/02\/IMG_20191002_093508-768x576.jpg 768w, https:\/\/eloise-chaussin.com\/wp-content\/uploads\/2025\/02\/IMG_20191002_093508.jpg 1170w\" sizes=\"auto, (max-width: 767px) 89vw, (max-width: 1000px) 54vw, (max-width: 1071px) 543px, 580px\" \/><\/figure>\n\n\n\n<figure class=\"wp-block-image size-full is-resized\"><img loading=\"lazy\" decoding=\"async\" width=\"277\" height=\"208\" src=\"https:\/\/eloise-chaussin.com\/wp-content\/uploads\/2025\/02\/IMG_20191012_091327.jpg\" alt=\"\" class=\"wp-image-999\" style=\"width:674px;height:auto\"\/><\/figure>\n\n\n\n<p><\/p>\n\n\n\n<ul class=\"wp-block-list\">\n<li><strong>Mes t\u00e2ches\u00a0:<\/strong><\/li>\n<\/ul>\n\n\n\n<p>Vous conseiller au mieux, choix du billet d\u2019avion, l\u2019assurance rapatriement, proposition de voyage sur mesure par rapport \u00e0 vos besoins.<\/p>\n\n\n\n<p>Votre \u00e2me est connect\u00e9e \u00e0 des lieux, je vous conseille lors de ce voyage gr\u00e2ce aux endroits visit\u00e9s, leurs \u00e9nergies, une \u00e9l\u00e9vation en fr\u00e9quence, des lib\u00e9rations et un changement int\u00e9rieur.<\/p>\n\n\n\n<p>Me contacter, , nous \u00e9changeons par t\u00e9l\u00e9phone, je vous envoie un questionnaire pour mieux connaitre vos attentes, vos besoins, vos envies.  Puis je vous envoie un devis pour vos propositions de voyage. <\/p>\n\n\n\n<p><strong>Je serais heureuse de vous accompagner dans votre voyage int\u00e9rieur mis en mati\u00e8re dans la destination de votre choix.  Lors de votre s\u00e9jour, je reste joignable par whats app et r\u00e9pond \u00e0 vos questions. <\/strong><\/p>\n\n\n\n<figure class=\"wp-block-image size-full\"><img loading=\"lazy\" decoding=\"async\" width=\"370\" height=\"212\" src=\"https:\/\/eloise-chaussin.com\/wp-content\/uploads\/2025\/02\/carte-visite-resto.png\" alt=\"\" class=\"wp-image-1000\" srcset=\"https:\/\/eloise-chaussin.com\/wp-content\/uploads\/2025\/02\/carte-visite-resto.png 370w, https:\/\/eloise-chaussin.com\/wp-content\/uploads\/2025\/02\/carte-visite-resto-300x172.png 300w\" sizes=\"auto, (max-width: 370px) 100vw, 370px\" \/><\/figure>\n","protected":false},"excerpt":{"rendered":"<p>Ma guidance m&rsquo;am\u00e8ne \u00e0 cr\u00e9er cette page. Depuis enfant, je re\u00e7ois des informations par les 5 sens, je suis guid\u00e9e et je suis une \u00e2me voyageuse. Chaque lieu a son histoire et apporte des choses, des \u00e9nergies diff\u00e9rentes. En me connectant via des photos a des lieux, je me sens appel\u00e9e \u00e0 y aller au &hellip; <\/p>\n<p class=\"link-more\"><a href=\"https:\/\/eloise-chaussin.com\/?page_id=992\" class=\"more-link\">Continuer la lecture<span class=\"screen-reader-text\"> de &laquo;&nbsp;Travel planner \u00e9nerg\u00e9tique&nbsp;&raquo;<\/span><\/a><\/p>\n","protected":false},"author":1,"featured_media":0,"parent":0,"menu_order":0,"comment_status":"closed","ping_status":"closed","template":"","meta":{"footnotes":""},"class_list":["post-992","page","type-page","status-publish","hentry"],"_links":{"self":[{"href":"https:\/\/eloise-chaussin.com\/index.php?rest_route=\/wp\/v2\/pages\/992","targetHints":{"allow":["GET"]}}],"collection":[{"href":"https:\/\/eloise-chaussin.com\/index.php?rest_route=\/wp\/v2\/pages"}],"about":[{"href":"https:\/\/eloise-chaussin.com\/index.php?rest_route=\/wp\/v2\/types\/page"}],"author":[{"embeddable":true,"href":"https:\/\/eloise-chaussin.com\/index.php?rest_route=\/wp\/v2\/users\/1"}],"replies":[{"embeddable":true,"href":"https:\/\/eloise-chaussin.com\/index.php?rest_route=%2Fwp%2Fv2%2Fcomments&post=992"}],"version-history":[{"count":1,"href":"https:\/\/eloise-chaussin.com\/index.php?rest_route=\/wp\/v2\/pages\/992\/revisions"}],"predecessor-version":[{"id":1002,"href":"https:\/\/eloise-chaussin.com\/index.php?rest_route=\/wp\/v2\/pages\/992\/revisions\/1002"}],"wp:attachment":[{"href":"https:\/\/eloise-chaussin.com\/index.php?rest_route=%2Fwp%2Fv2%2Fmedia&parent=992"}],"curies":[{"name":"wp","href":"https:\/\/api.w.org\/{rel}","templated":true}]}}